{"id":26,"date":"2022-12-08T08:21:55","date_gmt":"2022-12-08T07:21:55","guid":{"rendered":"https:\/\/blanche-neige.provisoire.ch\/?page_id=26"},"modified":"2022-12-13T16:09:24","modified_gmt":"2022-12-13T15:09:24","slug":"presentation","status":"publish","type":"page","link":"https:\/\/blanche-neige.ch\/en\/presentation\/","title":{"rendered":"Presentation"},"content":{"rendered":"<p>[et_pb_section fb_built=\u00a0\u00bb1&Prime; admin_label=\u00a0\u00bbFeatures\u00a0\u00bb _builder_version=\u00a0\u00bb4.19.2&Prime; _module_preset=\u00a0\u00bbdefault\u00a0\u00bb background_color=\u00a0\u00bb#FAF5EF\u00a0\u00bb positioning=\u00a0\u00bbnone\u00a0\u00bb custom_padding=\u00a0\u00bb0px||0px||false|false\u00a0\u00bb sticky_position=\u00a0\u00bbtop\u00a0\u00bb saved_tabs=\u00a0\u00bball\u00a0\u00bb locked=\u00a0\u00bboff\u00a0\u00bb collapsed=\u00a0\u00bbon\u00a0\u00bb global_colors_info=\u00a0\u00bb{}\u00a0\u00bb][et_pb_row _builder_version=\u00a0\u00bb4.17.6&Prime; _module_preset=\u00a0\u00bbdefault\u00a0\u00bb global_colors_info=\u00a0\u00bb{}\u00a0\u00bb][et_pb_column type=\u00a0\u00bb4_4&Prime; _builder_version=\u00a0\u00bb4.17.6&Prime; _module_preset=\u00a0\u00bbdefault\u00a0\u00bb global_colors_info=\u00a0\u00bb{}\u00a0\u00bb][et_pb_text _builder_version=\u00a0\u00bb4.19.2&Prime; _module_preset=\u00a0\u00bbdefault\u00a0\u00bb text_font=\u00a0\u00bb||||||||\u00a0\u00bb text_font_size=\u00a0\u00bb18px\u00a0\u00bb text_letter_spacing=\u00a0\u00bb3px\u00a0\u00bb link_text_color=\u00a0\u00bb#9E5E00&Prime; text_orientation=\u00a0\u00bbcenter\u00a0\u00bb global_colors_info=\u00a0\u00bb{}\u00a0\u00bb link_text_color__hover_enabled=\u00a0\u00bbon|hover\u00a0\u00bb link_text_color__hover=\u00a0\u00bb#EBA946&Prime;]<\/p>\n<p><a href=\"#la-maison\">La Maison<\/a>\u00a0 |\u00a0 <a href=\"#le-jardin\">Le Jardin<\/a><\/p>\n<p>[\/et_pb_text][\/et_pb_column][\/et_pb_row][\/et_pb_section][et_pb_section fb_built=\u00a0\u00bb1&Prime; admin_label=\u00a0\u00bbHeader\u00a0\u00bb module_id=\u00a0\u00bbla-maison\u00a0\u00bb _builder_version=\u00a0\u00bb4.19.2&Prime; _module_preset=\u00a0\u00bbdefault\u00a0\u00bb custom_padding=\u00a0\u00bb0px||||false|false\u00a0\u00bb collapsed=\u00a0\u00bbon\u00a0\u00bb global_colors_info=\u00a0\u00bb{}\u00a0\u00bb][et_pb_row _builder_version=\u00a0\u00bb4.19.2&Prime; _module_preset=\u00a0\u00bbdefault\u00a0\u00bb max_width=\u00a0\u00bb900px\u00a0\u00bb module_alignment=\u00a0\u00bbcenter\u00a0\u00bb global_colors_info=\u00a0\u00bb{}\u00a0\u00bb][et_pb_column type=\u00a0\u00bb4_4&Prime; _builder_version=\u00a0\u00bb4.19.2&Prime; _module_preset=\u00a0\u00bbdefault\u00a0\u00bb global_colors_info=\u00a0\u00bb{}\u00a0\u00bb][et_pb_image src=\u00a0\u00bbhttps:\/\/blanche-neige.ch\/wp-content\/uploads\/2022\/12\/MAI-1.jpg\u00a0\u00bb alt=\u00a0\u00bbMaison en \u00e9t\u00e9\u00a0\u00bb title_text=\u00a0\u00bbMAI-1&Prime; align=\u00a0\u00bbcenter\u00a0\u00bb _builder_version=\u00a0\u00bb4.19.2&Prime; _module_preset=\u00a0\u00bbdefault\u00a0\u00bb global_colors_info=\u00a0\u00bb{}\u00a0\u00bb][\/et_pb_image][\/et_pb_column][\/et_pb_row][et_pb_row _builder_version=\u00a0\u00bb4.17.6&Prime; _module_preset=\u00a0\u00bbdefault\u00a0\u00bb max_width=\u00a0\u00bb890px\u00a0\u00bb custom_padding=\u00a0\u00bb||9px|||\u00a0\u00bb global_colors_info=\u00a0\u00bb{}\u00a0\u00bb][et_pb_column type=\u00a0\u00bb4_4&Prime; _builder_version=\u00a0\u00bb4.17.6&Prime; _module_preset=\u00a0\u00bbdefault\u00a0\u00bb global_colors_info=\u00a0\u00bb{}\u00a0\u00bb][et_pb_text _builder_version=\u00a0\u00bb4.19.2&Prime; _module_preset=\u00a0\u00bbc16985e1-e0d6-4022-964d-e2bfc04fa633&Prime; header_font=\u00a0\u00bb|700|||||||\u00a0\u00bb header_text_color=\u00a0\u00bb#000000&Prime; header_font_size=\u00a0\u00bb65px\u00a0\u00bb header_letter_spacing=\u00a0\u00bb0.03em\u00a0\u00bb header_line_height=\u00a0\u00bb1.2em\u00a0\u00bb text_orientation=\u00a0\u00bbcenter\u00a0\u00bb hover_enabled=\u00a0\u00bb0&Prime; header_font_size_tablet=\u00a0\u00bb40px\u00a0\u00bb header_font_size_phone=\u00a0\u00bb24px\u00a0\u00bb header_font_size_last_edited=\u00a0\u00bbon|desktop\u00a0\u00bb global_colors_info=\u00a0\u00bb{}\u00a0\u00bb sticky_enabled=\u00a0\u00bb0&Prime;]<\/p>\n<h1>La Maison<\/h1>\n<p>[\/et_pb_text][et_pb_text content_tablet=\u00a0\u00bb<\/p>\n<p>Blanche-Neige est situ\u00e9e en lisi\u00e8re de for\u00eat.<\/p>\n<p>Vivez des moments forts en pleine nature, au calme \u00e0 seulement<br \/>10 minutes du centre de la ville de Fribourg.<\/p>\n<p style=%22text-align: left; padding-left: 200px;%22>\u2022 3 chambres d\u2019h\u00f4tes doubles avec salle de bain priv\u00e9e<br \/>\u2022 Grand salon pour r\u00e9unions privatives<br \/>\u2022 Galerie d\u2019art<br \/>\u2022 Piano<br \/>\u2022 Espace yoga<br \/>\u2022 Vaste jardin calme agr\u00e9ment\u00e9 d\u2019un biotope avec une vue d\u00e9gag\u00e9e<br \/>\u2022 Parking priv\u00e9 s\u00e9curis\u00e9<\/p>\n<p>\u00a0\u00bb content_phone=\u00a0\u00bb<\/p>\n<p>Blanche-Neige est situ\u00e9e en lisi\u00e8re de for\u00eat.<\/p>\n<p>Vivez des moments forts en pleine nature, au calme \u00e0 seulement<br \/>10 minutes du centre de la ville de Fribourg.<\/p>\n<p style=%22text-align: left;%22>\u2022 3 chambres d\u2019h\u00f4tes doubles avec salle de bain priv\u00e9e<br \/>\u2022 Grand salon pour r\u00e9unions privatives<br \/>\u2022 Galerie d\u2019art<br \/>\u2022 Piano<br \/>\u2022 Espace yoga<br \/>\u2022 Vaste jardin calme agr\u00e9ment\u00e9 d\u2019un biotope avec une vue d\u00e9gag\u00e9e<br \/>\u2022 Parking priv\u00e9 s\u00e9curis\u00e9<\/p>\n<p>\u00a0\u00bb content_last_edited=\u00a0\u00bbon|phone\u00a0\u00bb _builder_version=\u00a0\u00bb4.19.2&Prime; _module_preset=\u00a0\u00bb1f09816e-184e-4ce5-a4cf-b39c52c423ca\u00a0\u00bb text_font=\u00a0\u00bb||||||||\u00a0\u00bb text_text_color=\u00a0\u00bb#000000&Prime; text_font_size=\u00a0\u00bb17px\u00a0\u00bb text_letter_spacing=\u00a0\u00bb2px\u00a0\u00bb text_line_height=\u00a0\u00bb1.8em\u00a0\u00bb link_text_color=\u00a0\u00bb#666666&Prime; text_orientation=\u00a0\u00bbcenter\u00a0\u00bb text_font_size_tablet=\u00a0\u00bb15px\u00a0\u00bb text_font_size_phone=\u00a0\u00bb14px\u00a0\u00bb text_font_size_last_edited=\u00a0\u00bbon|phone\u00a0\u00bb text_line_height_tablet=\u00a0\u00bb2.6em\u00a0\u00bb text_line_height_phone=\u00a0\u00bb1.8em\u00a0\u00bb text_line_height_last_edited=\u00a0\u00bbon|phone\u00a0\u00bb header_font_size_tablet=\u00a0\u00bb55px\u00a0\u00bb header_font_size_last_edited=\u00a0\u00bboff|desktop\u00a0\u00bb text_orientation_tablet=\u00a0\u00bbcenter\u00a0\u00bb text_orientation_phone=\u00a0\u00bbjustified\u00a0\u00bb text_orientation_last_edited=\u00a0\u00bbon|phone\u00a0\u00bb global_colors_info=\u00a0\u00bb{}\u00a0\u00bb]<\/p>\n<p>Blanche-Neige est situ\u00e9e en lisi\u00e8re de for\u00eat.<\/p>\n<p>Vivez des moments forts en pleine nature, au calme \u00e0 seulement<br \/>10 minutes du centre de la ville de Fribourg.<\/p>\n<p>3 chambres d\u2019h\u00f4tes doubles avec salle de bain priv\u00e9e<br \/>Grand salon pour r\u00e9unions privatives<br \/>Galerie d\u2019art<br \/>Piano<br \/>Espace yoga<br \/>Vaste jardin calme agr\u00e9ment\u00e9 d\u2019un biotope avec une vue d\u00e9gag\u00e9e<br \/>Parking priv\u00e9 s\u00e9curis\u00e9<\/p>\n<p>[\/et_pb_text][\/et_pb_column][\/et_pb_row][et_pb_row _builder_version=\u00a0\u00bb4.19.2&Prime; _module_preset=\u00a0\u00bbdefault\u00a0\u00bb max_width=\u00a0\u00bb900px\u00a0\u00bb module_alignment=\u00a0\u00bbcenter\u00a0\u00bb global_colors_info=\u00a0\u00bb{}\u00a0\u00bb][et_pb_column type=\u00a0\u00bb4_4&Prime; _builder_version=\u00a0\u00bb4.19.2&Prime; _module_preset=\u00a0\u00bbdefault\u00a0\u00bb global_colors_info=\u00a0\u00bb{}\u00a0\u00bb][et_pb_image src=\u00a0\u00bbhttps:\/\/blanche-neige.ch\/wp-content\/uploads\/2022\/12\/MAI-2.jpg\u00a0\u00bb alt=\u00a0\u00bbMaison en hiver\u00a0\u00bb title_text=\u00a0\u00bbMAI-2&Prime; align=\u00a0\u00bbcenter\u00a0\u00bb _builder_version=\u00a0\u00bb4.19.2&Prime; _module_preset=\u00a0\u00bbdefault\u00a0\u00bb global_colors_info=\u00a0\u00bb{}\u00a0\u00bb][\/et_pb_image][\/et_pb_column][\/et_pb_row][\/et_pb_section][et_pb_section fb_built=\u00a0\u00bb1&Prime; admin_label=\u00a0\u00bbHeader\u00a0\u00bb module_id=\u00a0\u00bble-jardin\u00a0\u00bb _builder_version=\u00a0\u00bb4.19.2&Prime; _module_preset=\u00a0\u00bbdefault\u00a0\u00bb collapsed=\u00a0\u00bbon\u00a0\u00bb global_colors_info=\u00a0\u00bb{}\u00a0\u00bb header_font_size_tablet=\u00a0\u00bb40px\u00a0\u00bb header_font_size_phone=\u00a0\u00bb24px\u00a0\u00bb header_font_size_last_edited=\u00a0\u00bbon|desktop\u00a0\u00bb][et_pb_row _builder_version=\u00a0\u00bb4.17.6&Prime; _module_preset=\u00a0\u00bbdefault\u00a0\u00bb max_width=\u00a0\u00bb890px\u00a0\u00bb custom_padding=\u00a0\u00bb||9px|||\u00a0\u00bb global_colors_info=\u00a0\u00bb{}\u00a0\u00bb][et_pb_column type=\u00a0\u00bb4_4&Prime; _builder_version=\u00a0\u00bb4.17.6&Prime; _module_preset=\u00a0\u00bbdefault\u00a0\u00bb global_colors_info=\u00a0\u00bb{}\u00a0\u00bb][et_pb_text _builder_version=\u00a0\u00bb4.19.2&Prime; _module_preset=\u00a0\u00bbc16985e1-e0d6-4022-964d-e2bfc04fa633&Prime; header_font=\u00a0\u00bb|700|||||||\u00a0\u00bb header_text_color=\u00a0\u00bb#000000&Prime; header_font_size=\u00a0\u00bb65px\u00a0\u00bb header_letter_spacing=\u00a0\u00bb0.03em\u00a0\u00bb header_line_height=\u00a0\u00bb1.2em\u00a0\u00bb header_2_font=\u00a0\u00bb|700|||||||\u00a0\u00bb header_2_font_size=\u00a0\u00bb65px\u00a0\u00bb text_orientation=\u00a0\u00bbcenter\u00a0\u00bb header_font_size_tablet=\u00a0\u00bb40px\u00a0\u00bb header_font_size_phone=\u00a0\u00bb24px\u00a0\u00bb header_font_size_last_edited=\u00a0\u00bbon|desktop\u00a0\u00bb header_2_font_size_tablet=\u00a0\u00bb65px\u00a0\u00bb header_2_font_size_phone=\u00a0\u00bb24px\u00a0\u00bb header_2_font_size_last_edited=\u00a0\u00bbon|phone\u00a0\u00bb global_colors_info=\u00a0\u00bb{}\u00a0\u00bb]<\/p>\n<h2>Le Jardin<\/h2>\n<p>[\/et_pb_text][et_pb_text _builder_version=\u00a0\u00bb4.19.2&Prime; _module_preset=\u00a0\u00bb1f09816e-184e-4ce5-a4cf-b39c52c423ca\u00a0\u00bb text_font=\u00a0\u00bb||||||||\u00a0\u00bb text_text_color=\u00a0\u00bb#000000&Prime; text_font_size=\u00a0\u00bb17px\u00a0\u00bb text_letter_spacing=\u00a0\u00bb2px\u00a0\u00bb text_line_height=\u00a0\u00bb1.8em\u00a0\u00bb link_text_color=\u00a0\u00bb#666666&Prime; text_orientation=\u00a0\u00bbcenter\u00a0\u00bb text_font_size_tablet=\u00a0\u00bb15px\u00a0\u00bb text_font_size_phone=\u00a0\u00bb14px\u00a0\u00bb text_font_size_last_edited=\u00a0\u00bbon|phone\u00a0\u00bb text_line_height_tablet=\u00a0\u00bb2.6em\u00a0\u00bb text_line_height_phone=\u00a0\u00bb1.8em\u00a0\u00bb text_line_height_last_edited=\u00a0\u00bbon|phone\u00a0\u00bb text_orientation_tablet=\u00a0\u00bbcenter\u00a0\u00bb text_orientation_phone=\u00a0\u00bbjustified\u00a0\u00bb text_orientation_last_edited=\u00a0\u00bbon|phone\u00a0\u00bb global_colors_info=\u00a0\u00bb{}\u00a0\u00bb]<\/p>\n<p style=\"text-align: center;\"><span>Un magnifique jardin est \u00e0 votre disposition<\/span><\/p>\n<p>[\/et_pb_text][\/et_pb_column][\/et_pb_row][et_pb_row _builder_version=\u00a0\u00bb4.19.2&Prime; _module_preset=\u00a0\u00bbdefault\u00a0\u00bb max_width=\u00a0\u00bb890px\u00a0\u00bb global_colors_info=\u00a0\u00bb{}\u00a0\u00bb][et_pb_column type=\u00a0\u00bb4_4&Prime; _builder_version=\u00a0\u00bb4.17.6&Prime; _module_preset=\u00a0\u00bbdefault\u00a0\u00bb global_colors_info=\u00a0\u00bb{}\u00a0\u00bb][et_pb_code _builder_version=\u00a0\u00bb4.19.2&Prime; _module_preset=\u00a0\u00bbdefault\u00a0\u00bb module_alignment=\u00a0\u00bbcenter\u00a0\u00bb locked=\u00a0\u00bboff\u00a0\u00bb global_colors_info=\u00a0\u00bb{}\u00a0\u00bb]<div class=\"carousel-slider-outer carousel-slider-outer-image-carousel carousel-slider-outer-146\" style=\"--carousel-slider-nav-color:rgb(191,144,0);--carousel-slider-active-nav-color:rgb(191,144,0);--carousel-slider-arrow-size:30px;--carousel-slider-bullet-size:10px\">\n<div id=\"&#039;id-146\" class=\"carousel-slider carousel-slider-146 arrows-visibility-always dots-visibility-never arrows-outside dots-center dots-circle owl-carousel\" data-slide-type=\"image-carousel\" data-owl-settings='{\"nav\":true,\"dots\":false,\"slideBy\":1,\"stagePadding\":0,\"margin\":10,\"loop\":true,\"lazyLoad\":false,\"autoplay\":true,\"autoplayTimeout\":3500,\"autoplaySpeed\":500,\"autoplayHoverPause\":false,\"autoWidth\":false,\"responsive\":{\"300\":{\"items\":1},\"576\":{\"items\":2},\"768\":{\"items\":2},\"1024\":{\"items\":3},\"1280\":{\"items\":4},\"1536\":{\"items\":5}}}'>\n<div class=\"carousel-slider__item\">\n\t<img loading=\"lazy\" decoding=\"async\" width=\"333\" height=\"500\" src=\"https:\/\/blanche-neige.ch\/wp-content\/uploads\/2022\/12\/JAR-01.jpg\" class=\"attachment-medium_large size-medium_large\" alt=\"JAR 01\" srcset=\"https:\/\/blanche-neige.ch\/wp-content\/uploads\/2022\/12\/JAR-01.jpg 333w, https:\/\/blanche-neige.ch\/wp-content\/uploads\/2022\/12\/JAR-01-200x300.jpg 200w\" sizes=\"(max-width: 333px) 100vw, 333px\" \/><\/a><\/div>\n\n<div class=\"carousel-slider__item\">\n\t<img loading=\"lazy\" decoding=\"async\" width=\"333\" height=\"500\" src=\"https:\/\/blanche-neige.ch\/wp-content\/uploads\/2022\/12\/JAR-02.jpg\" class=\"attachment-medium_large size-medium_large\" alt=\"JAR 02\" srcset=\"https:\/\/blanche-neige.ch\/wp-content\/uploads\/2022\/12\/JAR-02.jpg 333w, https:\/\/blanche-neige.ch\/wp-content\/uploads\/2022\/12\/JAR-02-200x300.jpg 200w\" sizes=\"(max-width: 333px) 100vw, 333px\" \/><\/a><\/div>\n\n<div class=\"carousel-slider__item\">\n\t<img loading=\"lazy\" decoding=\"async\" width=\"333\" height=\"500\" src=\"https:\/\/blanche-neige.ch\/wp-content\/uploads\/2022\/12\/JAR-03.jpg\" class=\"attachment-medium_large size-medium_large\" alt=\"JAR 03\" srcset=\"https:\/\/blanche-neige.ch\/wp-content\/uploads\/2022\/12\/JAR-03.jpg 333w, https:\/\/blanche-neige.ch\/wp-content\/uploads\/2022\/12\/JAR-03-200x300.jpg 200w\" sizes=\"(max-width: 333px) 100vw, 333px\" \/><\/a><\/div>\n\n<div class=\"carousel-slider__item\">\n\t<img loading=\"lazy\" decoding=\"async\" width=\"333\" height=\"500\" src=\"https:\/\/blanche-neige.ch\/wp-content\/uploads\/2022\/12\/JAR-04.jpg\" class=\"attachment-medium_large size-medium_large\" alt=\"JAR 04\" srcset=\"https:\/\/blanche-neige.ch\/wp-content\/uploads\/2022\/12\/JAR-04.jpg 333w, https:\/\/blanche-neige.ch\/wp-content\/uploads\/2022\/12\/JAR-04-200x300.jpg 200w\" sizes=\"(max-width: 333px) 100vw, 333px\" \/><\/a><\/div>\n\n<div class=\"carousel-slider__item\">\n\t<img loading=\"lazy\" decoding=\"async\" width=\"281\" height=\"500\" src=\"https:\/\/blanche-neige.ch\/wp-content\/uploads\/2022\/12\/JAR-05.jpg\" class=\"attachment-medium_large size-medium_large\" alt=\"JAR 05\" srcset=\"https:\/\/blanche-neige.ch\/wp-content\/uploads\/2022\/12\/JAR-05.jpg 281w, https:\/\/blanche-neige.ch\/wp-content\/uploads\/2022\/12\/JAR-05-169x300.jpg 169w\" sizes=\"(max-width: 281px) 100vw, 281px\" \/><\/a><\/div>\n\n<div class=\"carousel-slider__item\">\n\t<img loading=\"lazy\" decoding=\"async\" width=\"750\" height=\"500\" src=\"https:\/\/blanche-neige.ch\/wp-content\/uploads\/2022\/12\/JAR-06.jpg\" class=\"attachment-medium_large size-medium_large\" alt=\"JAR 06\" srcset=\"https:\/\/blanche-neige.ch\/wp-content\/uploads\/2022\/12\/JAR-06.jpg 750w, https:\/\/blanche-neige.ch\/wp-content\/uploads\/2022\/12\/JAR-06-480x320.jpg 480w\" sizes=\"(min-width: 0px) and (max-width: 480px) 480px, (min-width: 481px) 750px, 100vw\" \/><\/a><\/div>\n\n<div class=\"carousel-slider__item\">\n\t<img loading=\"lazy\" decoding=\"async\" width=\"750\" height=\"500\" src=\"https:\/\/blanche-neige.ch\/wp-content\/uploads\/2022\/12\/JAR-07.jpg\" class=\"attachment-medium_large size-medium_large\" alt=\"JAR 07\" srcset=\"https:\/\/blanche-neige.ch\/wp-content\/uploads\/2022\/12\/JAR-07.jpg 750w, https:\/\/blanche-neige.ch\/wp-content\/uploads\/2022\/12\/JAR-07-480x320.jpg 480w\" sizes=\"(min-width: 0px) and (max-width: 480px) 480px, (min-width: 481px) 750px, 100vw\" \/><\/a><\/div>\n\n<div class=\"carousel-slider__item\">\n\t<img loading=\"lazy\" decoding=\"async\" width=\"750\" height=\"500\" src=\"https:\/\/blanche-neige.ch\/wp-content\/uploads\/2022\/12\/JAR-08.jpg\" class=\"attachment-medium_large size-medium_large\" alt=\"JAR 08\" srcset=\"https:\/\/blanche-neige.ch\/wp-content\/uploads\/2022\/12\/JAR-08.jpg 750w, https:\/\/blanche-neige.ch\/wp-content\/uploads\/2022\/12\/JAR-08-480x320.jpg 480w\" sizes=\"(min-width: 0px) and (max-width: 480px) 480px, (min-width: 481px) 750px, 100vw\" \/><\/a><\/div>\n\n<div class=\"carousel-slider__item\">\n\t<img loading=\"lazy\" decoding=\"async\" width=\"281\" height=\"500\" src=\"https:\/\/blanche-neige.ch\/wp-content\/uploads\/2022\/12\/JAR-09.jpg\" class=\"attachment-medium_large size-medium_large\" alt=\"JAR 09\" srcset=\"https:\/\/blanche-neige.ch\/wp-content\/uploads\/2022\/12\/JAR-09.jpg 281w, https:\/\/blanche-neige.ch\/wp-content\/uploads\/2022\/12\/JAR-09-169x300.jpg 169w\" sizes=\"(max-width: 281px) 100vw, 281px\" \/><\/a><\/div>\n\n<div class=\"carousel-slider__item\">\n\t<img loading=\"lazy\" decoding=\"async\" width=\"281\" height=\"500\" src=\"https:\/\/blanche-neige.ch\/wp-content\/uploads\/2022\/12\/JAR-10.jpg\" class=\"attachment-medium_large size-medium_large\" alt=\"JAR 10\" srcset=\"https:\/\/blanche-neige.ch\/wp-content\/uploads\/2022\/12\/JAR-10.jpg 281w, https:\/\/blanche-neige.ch\/wp-content\/uploads\/2022\/12\/JAR-10-169x300.jpg 169w\" sizes=\"(max-width: 281px) 100vw, 281px\" \/><\/a><\/div>\n\n<div class=\"carousel-slider__item\">\n\t<img loading=\"lazy\" decoding=\"async\" width=\"281\" height=\"500\" src=\"https:\/\/blanche-neige.ch\/wp-content\/uploads\/2022\/12\/JAR-11.jpg\" class=\"attachment-medium_large size-medium_large\" alt=\"JAR 11\" srcset=\"https:\/\/blanche-neige.ch\/wp-content\/uploads\/2022\/12\/JAR-11.jpg 281w, https:\/\/blanche-neige.ch\/wp-content\/uploads\/2022\/12\/JAR-11-169x300.jpg 169w\" sizes=\"(max-width: 281px) 100vw, 281px\" \/><\/a><\/div>\n\n<div class=\"carousel-slider__item\">\n\t<img loading=\"lazy\" decoding=\"async\" width=\"281\" height=\"500\" src=\"https:\/\/blanche-neige.ch\/wp-content\/uploads\/2022\/12\/JAR-12.jpg\" class=\"attachment-medium_large size-medium_large\" alt=\"JAR 12\" srcset=\"https:\/\/blanche-neige.ch\/wp-content\/uploads\/2022\/12\/JAR-12.jpg 281w, https:\/\/blanche-neige.ch\/wp-content\/uploads\/2022\/12\/JAR-12-169x300.jpg 169w\" sizes=\"(max-width: 281px) 100vw, 281px\" \/><\/a><\/div>\n\n<div class=\"carousel-slider__item\">\n\t<img loading=\"lazy\" decoding=\"async\" width=\"500\" height=\"500\" src=\"https:\/\/blanche-neige.ch\/wp-content\/uploads\/2022\/12\/JAR-13.jpg\" class=\"attachment-medium_large size-medium_large\" alt=\"JAR 13\" srcset=\"https:\/\/blanche-neige.ch\/wp-content\/uploads\/2022\/12\/JAR-13.jpg 500w, https:\/\/blanche-neige.ch\/wp-content\/uploads\/2022\/12\/JAR-13-480x480.jpg 480w\" sizes=\"(min-width: 0px) and (max-width: 480px) 480px, (min-width: 481px) 500px, 100vw\" \/><\/a><\/div>\n\n<div class=\"carousel-slider__item\">\n\t<img loading=\"lazy\" decoding=\"async\" width=\"768\" height=\"432\" src=\"https:\/\/blanche-neige.ch\/wp-content\/uploads\/2022\/12\/JAR-14-768x432.jpg\" class=\"attachment-medium_large size-medium_large\" alt=\"JAR 14\" srcset=\"https:\/\/blanche-neige.ch\/wp-content\/uploads\/2022\/12\/JAR-14-768x432.jpg 768w, https:\/\/blanche-neige.ch\/wp-content\/uploads\/2022\/12\/JAR-14-480x270.jpg 480w\" sizes=\"(min-width: 0px) and (max-width: 480px) 480px, (min-width: 481px) 768px, 100vw\" \/><\/a><\/div>\n\n<div class=\"carousel-slider__item\">\n\t<img loading=\"lazy\" decoding=\"async\" width=\"768\" height=\"432\" src=\"https:\/\/blanche-neige.ch\/wp-content\/uploads\/2022\/12\/JAR-15-768x432.jpg\" class=\"attachment-medium_large size-medium_large\" alt=\"JAR 15\" srcset=\"https:\/\/blanche-neige.ch\/wp-content\/uploads\/2022\/12\/JAR-15-768x432.jpg 768w, https:\/\/blanche-neige.ch\/wp-content\/uploads\/2022\/12\/JAR-15-480x270.jpg 480w\" sizes=\"(min-width: 0px) and (max-width: 480px) 480px, (min-width: 481px) 768px, 100vw\" \/><\/a><\/div>\n\n<div class=\"carousel-slider__item\">\n\t<img loading=\"lazy\" decoding=\"async\" width=\"768\" height=\"432\" src=\"https:\/\/blanche-neige.ch\/wp-content\/uploads\/2022\/12\/JAR-16-768x432.jpg\" class=\"attachment-medium_large size-medium_large\" alt=\"JAR 16\" srcset=\"https:\/\/blanche-neige.ch\/wp-content\/uploads\/2022\/12\/JAR-16-768x432.jpg 768w, https:\/\/blanche-neige.ch\/wp-content\/uploads\/2022\/12\/JAR-16-480x270.jpg 480w\" sizes=\"(min-width: 0px) and (max-width: 480px) 480px, (min-width: 481px) 768px, 100vw\" \/><\/a><\/div>\n\n<div class=\"carousel-slider__item\">\n\t<img loading=\"lazy\" decoding=\"async\" width=\"768\" height=\"432\" src=\"https:\/\/blanche-neige.ch\/wp-content\/uploads\/2022\/12\/JAR-17-768x432.jpg\" class=\"attachment-medium_large size-medium_large\" alt=\"JAR 17\" srcset=\"https:\/\/blanche-neige.ch\/wp-content\/uploads\/2022\/12\/JAR-17-768x432.jpg 768w, https:\/\/blanche-neige.ch\/wp-content\/uploads\/2022\/12\/JAR-17-480x270.jpg 480w\" sizes=\"(min-width: 0px) and (max-width: 480px) 480px, (min-width: 481px) 768px, 100vw\" \/><\/a><\/div>\n\n<div class=\"carousel-slider__item\">\n\t<img loading=\"lazy\" decoding=\"async\" width=\"768\" height=\"432\" src=\"https:\/\/blanche-neige.ch\/wp-content\/uploads\/2022\/12\/JAR-18-768x432.jpg\" class=\"attachment-medium_large size-medium_large\" alt=\"JAR 18\" srcset=\"https:\/\/blanche-neige.ch\/wp-content\/uploads\/2022\/12\/JAR-18-768x432.jpg 768w, https:\/\/blanche-neige.ch\/wp-content\/uploads\/2022\/12\/JAR-18-480x270.jpg 480w\" sizes=\"(min-width: 0px) and (max-width: 480px) 480px, (min-width: 481px) 768px, 100vw\" \/><\/a><\/div>\n\n<\/div><!-- .carousel-slider-146 -->\n<\/div><!-- .carousel-slider-outer-146 -->\n[\/et_pb_code][\/et_pb_column][\/et_pb_row][\/et_pb_section]<\/p>\n","protected":false},"excerpt":{"rendered":"<p>La Maison\u00a0 |\u00a0 Le JardinLa MaisonBlanche-Neige est situ\u00e9e en lisi\u00e8re de for\u00eat. Vivez des moments forts en pleine nature, au calme \u00e0 seulement10 minutes du centre de la ville de Fribourg. 3 chambres d\u2019h\u00f4tes doubles avec salle de bain priv\u00e9eGrand salon pour r\u00e9unions privativesGalerie d\u2019artPianoEspace yogaVaste jardin calme agr\u00e9ment\u00e9 d\u2019un biotope avec une vue d\u00e9gag\u00e9eParking [&hellip;]<\/p>\n","protected":false},"author":4,"featured_media":0,"parent":0,"menu_order":20,"comment_status":"closed","ping_status":"closed","template":"","meta":{"_et_pb_use_builder":"on","_et_pb_old_content":"<!-- wp:divi\/placeholder \/-->","_et_gb_content_width":"","footnotes":""},"class_list":["post-26","page","type-page","status-publish","hentry"],"_links":{"self":[{"href":"https:\/\/blanche-neige.ch\/en\/wp-json\/wp\/v2\/pages\/26","targetHints":{"allow":["GET"]}}],"collection":[{"href":"https:\/\/blanche-neige.ch\/en\/wp-json\/wp\/v2\/pages"}],"about":[{"href":"https:\/\/blanche-neige.ch\/en\/wp-json\/wp\/v2\/types\/page"}],"author":[{"embeddable":true,"href":"https:\/\/blanche-neige.ch\/en\/wp-json\/wp\/v2\/users\/4"}],"replies":[{"embeddable":true,"href":"https:\/\/blanche-neige.ch\/en\/wp-json\/wp\/v2\/comments?post=26"}],"version-history":[{"count":17,"href":"https:\/\/blanche-neige.ch\/en\/wp-json\/wp\/v2\/pages\/26\/revisions"}],"predecessor-version":[{"id":663,"href":"https:\/\/blanche-neige.ch\/en\/wp-json\/wp\/v2\/pages\/26\/revisions\/663"}],"wp:attachment":[{"href":"https:\/\/blanche-neige.ch\/en\/wp-json\/wp\/v2\/media?parent=26"}],"curies":[{"name":"wp","href":"https:\/\/api.w.org\/{rel}","templated":true}]}}